{"id":310,"date":"2025-04-16T21:52:50","date_gmt":"2025-04-16T19:52:50","guid":{"rendered":"https:\/\/viajesvilcabamba.com\/?page_id=310"},"modified":"2025-04-16T22:16:48","modified_gmt":"2025-04-16T20:16:48","slug":"contacto","status":"publish","type":"page","link":"https:\/\/viajesvilcabamba.com\/index.php\/contacto\/","title":{"rendered":"Contacto"},"content":{"rendered":"\t\t<div data-elementor-type=\"wp-page\" data-elementor-id=\"310\" class=\"elementor elementor-310\" data-elementor-post-type=\"page\">\n\t\t\t\t<div class=\"elementor-element elementor-element-9b7e5cb e-flex e-con-boxed e-con e-parent\" data-id=\"9b7e5cb\" data-element_type=\"container\" data-settings=\"{&quot;background_background&quot;:&quot;classic&quot;,&quot;shape_divider_bottom&quot;:&quot;triangle&quot;,&quot;shape_divider_bottom_negative&quot;:&quot;yes&quot;}\">\n\t\t\t\t\t<div class=\"e-con-inner\">\n\t\t\t\t<div class=\"elementor-shape elementor-shape-bottom\" aria-hidden=\"true\" data-negative=\"true\">\n\t\t\t<svg xmlns=\"http:\/\/www.w3.org\/2000\/svg\" viewBox=\"0 0 1000 100\" preserveAspectRatio=\"none\">\n\t<path class=\"elementor-shape-fill\" d=\"M500.2,94.7L0,0v100h1000V0L500.2,94.7z\"\/>\n<\/svg>\t\t<\/div>\n\t\t\t\t<div class=\"elementor-element elementor-element-38e3471 elementor-widget elementor-widget-heading\" data-id=\"38e3471\" data-element_type=\"widget\" data-widget_type=\"heading.default\">\n\t\t\t\t<div class=\"elementor-widget-container\">\n\t\t\t\t\t<h1 class=\"elementor-heading-title elementor-size-default\">Cont\u00e1ctanos<\/h1>\t\t\t\t<\/div>\n\t\t\t\t<\/div>\n\t\t\t\t\t<\/div>\n\t\t\t\t<\/div>\n\t\t<div class=\"elementor-element elementor-element-c6fd1ec e-flex e-con-boxed e-con e-parent\" data-id=\"c6fd1ec\" data-element_type=\"container\">\n\t\t\t\t\t<div class=\"e-con-inner\">\n\t\t<div class=\"elementor-element elementor-element-a6aaccb e-con-full e-flex e-con e-child\" data-id=\"a6aaccb\" data-element_type=\"container\">\n\t\t\t\t<div class=\"elementor-element elementor-element-e9f84ed elementor-widget elementor-widget-text-editor\" data-id=\"e9f84ed\" data-element_type=\"widget\" data-widget_type=\"text-editor.default\">\n\t\t\t\t<div class=\"elementor-widget-container\">\n\t\t\t\t\t\t\t\t\t<p><span style=\"font-weight: 400;\">\u00bfListo para emprender tu pr\u00f3xima aventura? Completa nuestro formulario y uno de nuestros asesores se pondr\u00e1 en contacto contigo para ayudarte a planificar el viaje de tus sue\u00f1os. \u00a1Estamos aqu\u00ed para responder tus dudas y hacer realidad tus reencuentros!<\/span><\/p>\t\t\t\t\t\t\t\t<\/div>\n\t\t\t\t<\/div>\n\t\t\t\t<div class=\"elementor-element elementor-element-308c4fc elementor-icon-list--layout-traditional elementor-list-item-link-full_width elementor-widget elementor-widget-icon-list\" data-id=\"308c4fc\" data-element_type=\"widget\" data-widget_type=\"icon-list.default\">\n\t\t\t\t<div class=\"elementor-widget-container\">\n\t\t\t\t\t\t\t<ul class=\"elementor-icon-list-items\">\n\t\t\t\t\t\t\t<li class=\"elementor-icon-list-item\">\n\t\t\t\t\t\t\t\t\t\t\t<a href=\"tel:655604672\">\n\n\t\t\t\t\t\t\t\t\t\t\t\t<span class=\"elementor-icon-list-icon\">\n\t\t\t\t\t\t\t<svg xmlns=\"http:\/\/www.w3.org\/2000\/svg\" width=\"20\" height=\"20\" viewBox=\"0 0 20 20\" fill=\"none\"><path d=\"M16.025 12.7166L13.9084 12.475C13.6595 12.4457 13.4072 12.4733 13.1705 12.5556C12.9338 12.6378 12.7188 12.7727 12.5417 12.95L11.0084 14.4833C8.64286 13.2799 6.72009 11.3571 5.5167 8.99164L7.05837 7.44997C7.4167 7.09164 7.5917 6.59164 7.53337 6.0833L7.2917 3.9833C7.24463 3.57671 7.04959 3.20166 6.74375 2.92963C6.43792 2.65761 6.04268 2.50763 5.63337 2.5083H4.1917C3.25003 2.5083 2.4667 3.29164 2.52503 4.2333C2.9667 11.35 8.65837 17.0333 15.7667 17.475C16.7084 17.5333 17.4917 16.75 17.4917 15.8083V14.3666C17.5 13.525 16.8667 12.8166 16.025 12.7166Z\" fill=\"#D12641\"><\/path><\/svg>\t\t\t\t\t\t<\/span>\n\t\t\t\t\t\t\t\t\t\t<span class=\"elementor-icon-list-text\">655 604 672<\/span>\n\t\t\t\t\t\t\t\t\t\t\t<\/a>\n\t\t\t\t\t\t\t\t\t<\/li>\n\t\t\t\t\t\t\t\t<li class=\"elementor-icon-list-item\">\n\t\t\t\t\t\t\t\t\t\t\t<a href=\"tel:625365427\">\n\n\t\t\t\t\t\t\t\t\t\t\t\t<span class=\"elementor-icon-list-icon\">\n\t\t\t\t\t\t\t<svg xmlns=\"http:\/\/www.w3.org\/2000\/svg\" width=\"20\" height=\"20\" viewBox=\"0 0 20 20\" fill=\"none\"><path d=\"M16.025 12.7166L13.9084 12.475C13.6595 12.4457 13.4072 12.4733 13.1705 12.5556C12.9338 12.6378 12.7188 12.7727 12.5417 12.95L11.0084 14.4833C8.64286 13.2799 6.72009 11.3571 5.5167 8.99164L7.05837 7.44997C7.4167 7.09164 7.5917 6.59164 7.53337 6.0833L7.2917 3.9833C7.24463 3.57671 7.04959 3.20166 6.74375 2.92963C6.43792 2.65761 6.04268 2.50763 5.63337 2.5083H4.1917C3.25003 2.5083 2.4667 3.29164 2.52503 4.2333C2.9667 11.35 8.65837 17.0333 15.7667 17.475C16.7084 17.5333 17.4917 16.75 17.4917 15.8083V14.3666C17.5 13.525 16.8667 12.8166 16.025 12.7166Z\" fill=\"#D12641\"><\/path><\/svg>\t\t\t\t\t\t<\/span>\n\t\t\t\t\t\t\t\t\t\t<span class=\"elementor-icon-list-text\">625 365 427<\/span>\n\t\t\t\t\t\t\t\t\t\t\t<\/a>\n\t\t\t\t\t\t\t\t\t<\/li>\n\t\t\t\t\t\t\t\t<li class=\"elementor-icon-list-item\">\n\t\t\t\t\t\t\t\t\t\t\t<span class=\"elementor-icon-list-icon\">\n\t\t\t\t\t\t\t<svg xmlns=\"http:\/\/www.w3.org\/2000\/svg\" width=\"20\" height=\"20\" viewBox=\"0 0 20 20\" fill=\"none\"><path d=\"M15.2084 3.54175H4.79175C3.41104 3.54175 2.29175 4.66104 2.29175 6.04175V13.9584C2.29175 15.3391 3.41104 16.4584 4.79175 16.4584H15.2084C16.5891 16.4584 17.7084 15.3391 17.7084 13.9584V6.04175C17.7084 4.66104 16.5891 3.54175 15.2084 3.54175Z\" stroke=\"#D12641\" stroke-width=\"1.5\" stroke-linecap=\"round\" stroke-linejoin=\"round\"><\/path><path d=\"M2.29175 6.66675L9.30425 9.88841C9.52251 9.9887 9.75988 10.0406 10.0001 10.0406C10.2403 10.0406 10.4776 9.9887 10.6959 9.88841L17.7084 6.66675\" stroke=\"#D12641\" stroke-width=\"1.5\" stroke-linecap=\"round\" stroke-linejoin=\"round\"><\/path><\/svg>\t\t\t\t\t\t<\/span>\n\t\t\t\t\t\t\t\t\t\t<span class=\"elementor-icon-list-text\">vuelos@vilcabamba.com<\/span>\n\t\t\t\t\t\t\t\t\t<\/li>\n\t\t\t\t\t\t\t\t<li class=\"elementor-icon-list-item\">\n\t\t\t\t\t\t\t\t\t\t\t<span class=\"elementor-icon-list-icon\">\n\t\t\t\t\t\t\t<svg xmlns=\"http:\/\/www.w3.org\/2000\/svg\" width=\"800px\" height=\"800px\" viewBox=\"0 0 24 24\" fill=\"none\"><g id=\"SVGRepo_bgCarrier\" stroke-width=\"0\"><\/g><g id=\"SVGRepo_tracerCarrier\" stroke-linecap=\"round\" stroke-linejoin=\"round\"><\/g><g id=\"SVGRepo_iconCarrier\"><path opacity=\"0.15\" d=\"M17 8C17 10.7614 14.7614 13 12 13C9.23858 13 7 10.7614 7 8C7 5.23858 9.23858 3 12 3C14.7614 3 17 5.23858 17 8Z\" fill=\"#D12641\"><\/path><path d=\"M12 13V21M12 13C14.7614 13 17 10.7614 17 8C17 5.23858 14.7614 3 12 3C9.23858 3 7 5.23858 7 8C7 10.7614 9.23858 13 12 13Z\" stroke=\"#D12641\" stroke-width=\"1.5\" stroke-linecap=\"round\" stroke-linejoin=\"round\"><\/path><\/g><\/svg>\t\t\t\t\t\t<\/span>\n\t\t\t\t\t\t\t\t\t\t<span class=\"elementor-icon-list-text\">Murcia \u2013 Espa\u00f1a <\/span>\n\t\t\t\t\t\t\t\t\t<\/li>\n\t\t\t\t\t\t<\/ul>\n\t\t\t\t\t\t<\/div>\n\t\t\t\t<\/div>\n\t\t\t\t<div class=\"elementor-element elementor-element-5dfdee6 elementor-widget elementor-widget-google_maps\" data-id=\"5dfdee6\" data-element_type=\"widget\" data-widget_type=\"google_maps.default\">\n\t\t\t\t<div class=\"elementor-widget-container\">\n\t\t\t\t\t\t\t<div class=\"elementor-custom-embed\">\n\t\t\t<iframe loading=\"lazy\"\n\t\t\t\t\tsrc=\"https:\/\/maps.google.com\/maps?q=murcia&#038;t=m&#038;z=12&#038;output=embed&#038;iwloc=near\"\n\t\t\t\t\ttitle=\"murcia\"\n\t\t\t\t\taria-label=\"murcia\"\n\t\t\t><\/iframe>\n\t\t<\/div>\n\t\t\t\t\t\t<\/div>\n\t\t\t\t<\/div>\n\t\t\t\t<\/div>\n\t\t<div class=\"elementor-element elementor-element-d1ec1b6 e-con-full e-flex e-con e-child\" data-id=\"d1ec1b6\" data-element_type=\"container\" data-settings=\"{&quot;background_background&quot;:&quot;classic&quot;}\">\n\t\t\t\t<div class=\"elementor-element elementor-element-e5906d2 elementor-button-align-stretch elementor-widget elementor-widget-form\" data-id=\"e5906d2\" data-element_type=\"widget\" data-settings=\"{&quot;step_next_label&quot;:&quot;Next&quot;,&quot;step_previous_label&quot;:&quot;Previous&quot;,&quot;button_width&quot;:&quot;100&quot;,&quot;step_type&quot;:&quot;number_text&quot;,&quot;step_icon_shape&quot;:&quot;circle&quot;}\" data-widget_type=\"form.default\">\n\t\t\t\t<div class=\"elementor-widget-container\">\n\t\t\t\t\t\t\t<form class=\"elementor-form\" method=\"post\" name=\"New Form\">\n\t\t\t<input type=\"hidden\" name=\"post_id\" value=\"310\"\/>\n\t\t\t<input type=\"hidden\" name=\"form_id\" value=\"e5906d2\"\/>\n\t\t\t<input type=\"hidden\" name=\"referer_title\" value=\"Contacto - Viajes Vilcabamba\" \/>\n\n\t\t\t\t\t\t\t<input type=\"hidden\" name=\"queried_id\" value=\"310\"\/>\n\t\t\t\n\t\t\t<div class=\"elementor-form-fields-wrapper elementor-labels-above\">\n\t\t\t\t\t\t\t\t<div class=\"elementor-field-type-text elementor-field-group elementor-column elementor-field-group-name elementor-col-100\">\n\t\t\t\t\t\t\t\t\t\t\t\t<label for=\"form-field-name\" class=\"elementor-field-label\">\n\t\t\t\t\t\t\t\tNombre\t\t\t\t\t\t\t<\/label>\n\t\t\t\t\t\t\t\t\t\t\t\t\t\t<input size=\"1\" type=\"text\" name=\"form_fields[name]\" id=\"form-field-name\" class=\"elementor-field elementor-size-sm  elementor-field-textual\" placeholder=\"Ingresa tu nombre\">\n\t\t\t\t\t\t\t\t\t\t\t<\/div>\n\t\t\t\t\t\t\t\t<div class=\"elementor-field-type-tel elementor-field-group elementor-column elementor-field-group-email elementor-col-100 elementor-field-required\">\n\t\t\t\t\t\t\t\t\t\t\t\t<label for=\"form-field-email\" class=\"elementor-field-label\">\n\t\t\t\t\t\t\t\tTel\u00e9fono\t\t\t\t\t\t\t<\/label>\n\t\t\t\t\t\t\t\t<input size=\"1\" type=\"tel\" name=\"form_fields[email]\" id=\"form-field-email\" class=\"elementor-field elementor-size-sm  elementor-field-textual\" placeholder=\"Ingresa tu numero\" required=\"required\" pattern=\"[0-9()#&amp;+*-=.]+\" title=\"Only numbers and phone characters (#, -, *, etc) are accepted.\">\n\n\t\t\t\t\t\t<\/div>\n\t\t\t\t\t\t\t\t<div class=\"elementor-field-type-email elementor-field-group elementor-column elementor-field-group-field_fb847d9 elementor-col-100 elementor-field-required\">\n\t\t\t\t\t\t\t\t\t\t\t\t<label for=\"form-field-field_fb847d9\" class=\"elementor-field-label\">\n\t\t\t\t\t\t\t\tCorreo electr\u00f3nico\t\t\t\t\t\t\t<\/label>\n\t\t\t\t\t\t\t\t\t\t\t\t\t\t<input size=\"1\" type=\"email\" name=\"form_fields[field_fb847d9]\" id=\"form-field-field_fb847d9\" class=\"elementor-field elementor-size-sm  elementor-field-textual\" placeholder=\"Ingresa tu correo electr\u00f3nico\" required=\"required\">\n\t\t\t\t\t\t\t\t\t\t\t<\/div>\n\t\t\t\t\t\t\t\t<div class=\"elementor-field-type-date elementor-field-group elementor-column elementor-field-group-field_08984f7 elementor-col-100 elementor-field-required\">\n\t\t\t\t\t\t\t\t\t\t\t\t<label for=\"form-field-field_08984f7\" class=\"elementor-field-label\">\n\t\t\t\t\t\t\t\tConsulta de vuelo\t\t\t\t\t\t\t<\/label>\n\t\t\t\t\t\t\n\t\t<input type=\"date\" name=\"form_fields[field_08984f7]\" id=\"form-field-field_08984f7\" class=\"elementor-field elementor-size-sm  elementor-field-textual elementor-date-field\" placeholder=\"Ingresa la fecha que deseas\" required=\"required\" pattern=\"[0-9]{4}-[0-9]{2}-[0-9]{2}\">\n\t\t\t\t\t\t<\/div>\n\t\t\t\t\t\t\t\t<div class=\"elementor-field-type-textarea elementor-field-group elementor-column elementor-field-group-message elementor-col-100\">\n\t\t\t\t\t\t\t\t\t\t\t\t<label for=\"form-field-message\" class=\"elementor-field-label\">\n\t\t\t\t\t\t\t\tComentarios\t\t\t\t\t\t\t<\/label>\n\t\t\t\t\t\t<textarea class=\"elementor-field-textual elementor-field  elementor-size-sm\" name=\"form_fields[message]\" id=\"form-field-message\" rows=\"4\" placeholder=\"Com\u00e9ntanos\"><\/textarea>\t\t\t\t<\/div>\n\t\t\t\t\t\t\t\t<div class=\"elementor-field-group elementor-column elementor-field-type-submit elementor-col-100 e-form__buttons\">\n\t\t\t\t\t<button class=\"elementor-button elementor-size-sm\" type=\"submit\">\n\t\t\t\t\t\t<span class=\"elementor-button-content-wrapper\">\n\t\t\t\t\t\t\t\t\t\t\t\t\t\t\t\t\t\t\t\t\t\t<span class=\"elementor-button-text\">Consultar<\/span>\n\t\t\t\t\t\t\t\t\t\t\t\t\t<\/span>\n\t\t\t\t\t<\/button>\n\t\t\t\t<\/div>\n\t\t\t<\/div>\n\t\t<\/form>\n\t\t\t\t\t\t<\/div>\n\t\t\t\t<\/div>\n\t\t\t\t<\/div>\n\t\t\t\t\t<\/div>\n\t\t\t\t<\/div>\n\t\t\t\t<\/div>\n\t\t","protected":false},"excerpt":{"rendered":"<p>Cont\u00e1ctanos \u00bfListo para emprender tu pr\u00f3xima aventura? Completa nuestro formulario y uno de nuestros asesores se pondr\u00e1 en contacto contigo para ayudarte a planificar el viaje de tus sue\u00f1os. \u00a1Estamos aqu\u00ed para responder tus dudas y hacer realidad tus reencuentros! 655 604 672 625 365 427 vuelos@vilcabamba.com Murcia \u2013 Espa\u00f1a<\/p>\n","protected":false},"author":1,"featured_media":0,"parent":0,"menu_order":0,"comment_status":"closed","ping_status":"closed","template":"","meta":{"_acf_changed":false,"footnotes":""},"class_list":["post-310","page","type-page","status-publish","hentry"],"acf":[],"yoast_head":"<!-- This site is optimized with the Yoast SEO plugin v25.1 - https:\/\/yoast.com\/wordpress\/plugins\/seo\/ -->\n<title>Contacto - Viajes Vilcabamba<\/title>\n<meta name=\"robots\" content=\"index, follow, max-snippet:-1, max-image-preview:large, max-video-preview:-1\" \/>\n<link rel=\"canonical\" href=\"https:\/\/viajesvilcabamba.com\/index.php\/contacto\/\" \/>\n<meta property=\"og:locale\" content=\"es_ES\" \/>\n<meta property=\"og:type\" content=\"article\" \/>\n<meta property=\"og:title\" content=\"Contacto - Viajes Vilcabamba\" \/>\n<meta property=\"og:description\" content=\"Cont\u00e1ctanos \u00bfListo para emprender tu pr\u00f3xima aventura? Completa nuestro formulario y uno de nuestros asesores se pondr\u00e1 en contacto contigo para ayudarte a planificar el viaje de tus sue\u00f1os. \u00a1Estamos aqu\u00ed para responder tus dudas y hacer realidad tus reencuentros! 655 604 672 625 365 427 vuelos@vilcabamba.com Murcia \u2013 Espa\u00f1a\" \/>\n<meta property=\"og:url\" content=\"https:\/\/viajesvilcabamba.com\/index.php\/contacto\/\" \/>\n<meta property=\"og:site_name\" content=\"Viajes Vilcabamba\" \/>\n<meta property=\"article:modified_time\" content=\"2025-04-16T20:16:48+00:00\" \/>\n<meta name=\"twitter:card\" content=\"summary_large_image\" \/>\n<meta name=\"twitter:label1\" content=\"Tiempo de lectura\" \/>\n\t<meta name=\"twitter:data1\" content=\"1 minuto\" \/>\n<script type=\"application\/ld+json\" class=\"yoast-schema-graph\">{\"@context\":\"https:\/\/schema.org\",\"@graph\":[{\"@type\":\"WebPage\",\"@id\":\"https:\/\/viajesvilcabamba.com\/index.php\/contacto\/\",\"url\":\"https:\/\/viajesvilcabamba.com\/index.php\/contacto\/\",\"name\":\"Contacto - Viajes Vilcabamba\",\"isPartOf\":{\"@id\":\"https:\/\/viajesvilcabamba.com\/#website\"},\"datePublished\":\"2025-04-16T19:52:50+00:00\",\"dateModified\":\"2025-04-16T20:16:48+00:00\",\"breadcrumb\":{\"@id\":\"https:\/\/viajesvilcabamba.com\/index.php\/contacto\/#breadcrumb\"},\"inLanguage\":\"es\",\"potentialAction\":[{\"@type\":\"ReadAction\",\"target\":[\"https:\/\/viajesvilcabamba.com\/index.php\/contacto\/\"]}]},{\"@type\":\"BreadcrumbList\",\"@id\":\"https:\/\/viajesvilcabamba.com\/index.php\/contacto\/#breadcrumb\",\"itemListElement\":[{\"@type\":\"ListItem\",\"position\":1,\"name\":\"Portada\",\"item\":\"https:\/\/viajesvilcabamba.com\/\"},{\"@type\":\"ListItem\",\"position\":2,\"name\":\"Contacto\"}]},{\"@type\":\"WebSite\",\"@id\":\"https:\/\/viajesvilcabamba.com\/#website\",\"url\":\"https:\/\/viajesvilcabamba.com\/\",\"name\":\"Viajes Vilcabamba\",\"description\":\"\",\"publisher\":{\"@id\":\"https:\/\/viajesvilcabamba.com\/#organization\"},\"potentialAction\":[{\"@type\":\"SearchAction\",\"target\":{\"@type\":\"EntryPoint\",\"urlTemplate\":\"https:\/\/viajesvilcabamba.com\/?s={search_term_string}\"},\"query-input\":{\"@type\":\"PropertyValueSpecification\",\"valueRequired\":true,\"valueName\":\"search_term_string\"}}],\"inLanguage\":\"es\"},{\"@type\":\"Organization\",\"@id\":\"https:\/\/viajesvilcabamba.com\/#organization\",\"name\":\"Viajes Vilcabamba\",\"url\":\"https:\/\/viajesvilcabamba.com\/\",\"logo\":{\"@type\":\"ImageObject\",\"inLanguage\":\"es\",\"@id\":\"https:\/\/viajesvilcabamba.com\/#\/schema\/logo\/image\/\",\"url\":\"https:\/\/viajesvilcabamba.com\/wp-content\/uploads\/2025\/04\/LOGO-360-1.png\",\"contentUrl\":\"https:\/\/viajesvilcabamba.com\/wp-content\/uploads\/2025\/04\/LOGO-360-1.png\",\"width\":125,\"height\":42,\"caption\":\"Viajes Vilcabamba\"},\"image\":{\"@id\":\"https:\/\/viajesvilcabamba.com\/#\/schema\/logo\/image\/\"}}]}<\/script>\n<!-- \/ Yoast SEO plugin. -->","yoast_head_json":{"title":"Contacto - Viajes Vilcabamba","robots":{"index":"index","follow":"follow","max-snippet":"max-snippet:-1","max-image-preview":"max-image-preview:large","max-video-preview":"max-video-preview:-1"},"canonical":"https:\/\/viajesvilcabamba.com\/index.php\/contacto\/","og_locale":"es_ES","og_type":"article","og_title":"Contacto - Viajes Vilcabamba","og_description":"Cont\u00e1ctanos \u00bfListo para emprender tu pr\u00f3xima aventura? Completa nuestro formulario y uno de nuestros asesores se pondr\u00e1 en contacto contigo para ayudarte a planificar el viaje de tus sue\u00f1os. \u00a1Estamos aqu\u00ed para responder tus dudas y hacer realidad tus reencuentros! 655 604 672 625 365 427 vuelos@vilcabamba.com Murcia \u2013 Espa\u00f1a","og_url":"https:\/\/viajesvilcabamba.com\/index.php\/contacto\/","og_site_name":"Viajes Vilcabamba","article_modified_time":"2025-04-16T20:16:48+00:00","twitter_card":"summary_large_image","twitter_misc":{"Tiempo de lectura":"1 minuto"},"schema":{"@context":"https:\/\/schema.org","@graph":[{"@type":"WebPage","@id":"https:\/\/viajesvilcabamba.com\/index.php\/contacto\/","url":"https:\/\/viajesvilcabamba.com\/index.php\/contacto\/","name":"Contacto - Viajes Vilcabamba","isPartOf":{"@id":"https:\/\/viajesvilcabamba.com\/#website"},"datePublished":"2025-04-16T19:52:50+00:00","dateModified":"2025-04-16T20:16:48+00:00","breadcrumb":{"@id":"https:\/\/viajesvilcabamba.com\/index.php\/contacto\/#breadcrumb"},"inLanguage":"es","potentialAction":[{"@type":"ReadAction","target":["https:\/\/viajesvilcabamba.com\/index.php\/contacto\/"]}]},{"@type":"BreadcrumbList","@id":"https:\/\/viajesvilcabamba.com\/index.php\/contacto\/#breadcrumb","itemListElement":[{"@type":"ListItem","position":1,"name":"Portada","item":"https:\/\/viajesvilcabamba.com\/"},{"@type":"ListItem","position":2,"name":"Contacto"}]},{"@type":"WebSite","@id":"https:\/\/viajesvilcabamba.com\/#website","url":"https:\/\/viajesvilcabamba.com\/","name":"Viajes Vilcabamba","description":"","publisher":{"@id":"https:\/\/viajesvilcabamba.com\/#organization"},"potentialAction":[{"@type":"SearchAction","target":{"@type":"EntryPoint","urlTemplate":"https:\/\/viajesvilcabamba.com\/?s={search_term_string}"},"query-input":{"@type":"PropertyValueSpecification","valueRequired":true,"valueName":"search_term_string"}}],"inLanguage":"es"},{"@type":"Organization","@id":"https:\/\/viajesvilcabamba.com\/#organization","name":"Viajes Vilcabamba","url":"https:\/\/viajesvilcabamba.com\/","logo":{"@type":"ImageObject","inLanguage":"es","@id":"https:\/\/viajesvilcabamba.com\/#\/schema\/logo\/image\/","url":"https:\/\/viajesvilcabamba.com\/wp-content\/uploads\/2025\/04\/LOGO-360-1.png","contentUrl":"https:\/\/viajesvilcabamba.com\/wp-content\/uploads\/2025\/04\/LOGO-360-1.png","width":125,"height":42,"caption":"Viajes Vilcabamba"},"image":{"@id":"https:\/\/viajesvilcabamba.com\/#\/schema\/logo\/image\/"}}]}},"_links":{"self":[{"href":"https:\/\/viajesvilcabamba.com\/index.php\/wp-json\/wp\/v2\/pages\/310","targetHints":{"allow":["GET"]}}],"collection":[{"href":"https:\/\/viajesvilcabamba.com\/index.php\/wp-json\/wp\/v2\/pages"}],"about":[{"href":"https:\/\/viajesvilcabamba.com\/index.php\/wp-json\/wp\/v2\/types\/page"}],"author":[{"embeddable":true,"href":"https:\/\/viajesvilcabamba.com\/index.php\/wp-json\/wp\/v2\/users\/1"}],"replies":[{"embeddable":true,"href":"https:\/\/viajesvilcabamba.com\/index.php\/wp-json\/wp\/v2\/comments?post=310"}],"version-history":[{"count":16,"href":"https:\/\/viajesvilcabamba.com\/index.php\/wp-json\/wp\/v2\/pages\/310\/revisions"}],"predecessor-version":[{"id":335,"href":"https:\/\/viajesvilcabamba.com\/index.php\/wp-json\/wp\/v2\/pages\/310\/revisions\/335"}],"wp:attachment":[{"href":"https:\/\/viajesvilcabamba.com\/index.php\/wp-json\/wp\/v2\/media?parent=310"}],"curies":[{"name":"wp","href":"https:\/\/api.w.org\/{rel}","templated":true}]}}